{"id":710,"date":"2015-08-23T12:23:42","date_gmt":"2015-08-23T10:23:42","guid":{"rendered":"http:\/\/www.gerhardsteinwender.eu\/?page_id=710"},"modified":"2018-10-28T11:18:22","modified_gmt":"2018-10-28T10:18:22","slug":"st-ruprecht-ansichten","status":"publish","type":"page","link":"https:\/\/www.gerhardsteinwender.eu\/?page_id=710","title":{"rendered":"St. Ruprecht a. d. Raab"},"content":{"rendered":"<h6><strong>Aus Bruckmann&#8217;s illustrierte Reisef\u00fchrer Dr. Gsell Fels 1894 M\u00fcnchen<\/strong><\/h6>\n<h6>Mit der Eisenbahn von Gleisdorf nach Weiz. Die Bahn zieht nordnordwestw\u00e4ts nach (7 km) Station St. Ruprecht an der Raab (Joh.K\u00f6nigs Bahnhofsestauration). Der Markt St. Ruprecht (Hotel zum Florian) mit Gesellschafssaal; f\u00fcnf Gasth\u00e4user, alle mit schattigen G\u00e4rten; zahlreiche Privatwohnungen;\u00a0w\u00e4hrend der Saison Konzerte im Muslkpavillon, liegt (363 m \u00fcber dem Meer) an der Vereinigung des Waizbachthals mit dem Raubthal in einem mit Wiesen und Kornfeldern bekleideteten breiten\u00a0Thalboden, der zu beiden Seiten von waldigen H\u00fcgelz\u00fcgen begrenzt wird und reich an, trefflichen Obstkulturen ist; die anmutige Lage und das gesunde Klima erhoben den Ort zu einer beliebten klimatischen Sommerstation.<br \/>\nSt. Ruprecht besitzt einen sch\u00f6nen Kurpark an der Raab, eine Parkanlage am Marktplatz (den Kaisergarten) und eine gute Badeanstalt in Fluss und Wannenb\u00e4dern) sowie h\u00fcbsche Anlagen, die sich den Wald hinan\u00a0zu mehreren trefflichen Trinkquellen ziehen (im Waldpark die Stephaniequelle).<br \/>\nRingsum k\u00f6stliche Spazierwege: 1\/2 Stunde durch den Waldparkauf die D\u00f6flerrh\u00f6he, mit weiter Fernsicht.<br \/>\n1\/2 Std. Schloss Stadl, mit Sommerwohnungen\u00a03\/4 Stunde Std. die Obstallee und an den Kreuzwegkapellen hinan zum Wallfahrtskirchlein Breitegg, 527 m (nebenan Gasthaus Cafiterie) mit Prachtrundschau. 3\/4 Std. durch den Wald zum Schloss Freiberg,\u00a0auf dichtbewaldeter H\u00f6he (nahebei die Schlosstaverne), &#8211; 1 Std. zur Kernkapelle, mir Blick auf das IlzthaI, den Rabenwald, den Kulm, die Hartberger Berge.\u00a0Die Bahn zieht im malerischen Thal \u00fcber (11 km) Unter-Fladnitz und (14 km) Preding nach (16 km) Weiz.<\/h6>\n","protected":false},"excerpt":{"rendered":"<p>Aus Bruckmann&#8217;s illustrierte Reisef\u00fchrer Dr. Gsell Fels 1894 M\u00fcnchen Mit der Eisenbahn von Gleisdorf nach Weiz. Die Bahn zieht nordnordwestw\u00e4ts nach (7 km) Station St. Ruprecht an der Raab (Joh.K\u00f6nigs Bahnhofsestauration). Der Markt St. Ruprecht (Hotel zum Florian) mit Gesellschafssaal; f\u00fcnf Gasth\u00e4user, alle mit schattigen &hellip; <a href=\"https:\/\/www.gerhardsteinwender.eu\/?page_id=710\" class=\"more-link\"><span>Continue reading<span class=\"screen-reader-text\">St. Ruprecht a. d. Raab<\/span><\/span><\/a><\/p>\n","protected":false},"author":1,"featured_media":4235,"parent":0,"menu_order":1,"comment_status":"closed","ping_status":"closed","template":"","meta":{"footnotes":""},"class_list":["post-710","page","type-page","status-publish","has-post-thumbnail","hentry"],"_links":{"self":[{"href":"https:\/\/www.gerhardsteinwender.eu\/index.php?rest_route=\/wp\/v2\/pages\/710","targetHints":{"allow":["GET"]}}],"collection":[{"href":"https:\/\/www.gerhardsteinwender.eu\/index.php?rest_route=\/wp\/v2\/pages"}],"about":[{"href":"https:\/\/www.gerhardsteinwender.eu\/index.php?rest_route=\/wp\/v2\/types\/page"}],"author":[{"embeddable":true,"href":"https:\/\/www.gerhardsteinwender.eu\/index.php?rest_route=\/wp\/v2\/users\/1"}],"replies":[{"embeddable":true,"href":"https:\/\/www.gerhardsteinwender.eu\/index.php?rest_route=%2Fwp%2Fv2%2Fcomments&post=710"}],"version-history":[{"count":12,"href":"https:\/\/www.gerhardsteinwender.eu\/index.php?rest_route=\/wp\/v2\/pages\/710\/revisions"}],"predecessor-version":[{"id":4219,"href":"https:\/\/www.gerhardsteinwender.eu\/index.php?rest_route=\/wp\/v2\/pages\/710\/revisions\/4219"}],"wp:featuredmedia":[{"embeddable":true,"href":"https:\/\/www.gerhardsteinwender.eu\/index.php?rest_route=\/wp\/v2\/media\/4235"}],"wp:attachment":[{"href":"https:\/\/www.gerhardsteinwender.eu\/index.php?rest_route=%2Fwp%2Fv2%2Fmedia&parent=710"}],"curies":[{"name":"wp","href":"https:\/\/api.w.org\/{rel}","templated":true}]}}